{"id":653,"date":"2025-08-12T17:07:02","date_gmt":"2025-08-12T17:07:02","guid":{"rendered":"https:\/\/ratitodele.es\/?page_id=653"},"modified":"2025-09-09T17:40:16","modified_gmt":"2025-09-09T17:40:16","slug":"contacto","status":"publish","type":"page","link":"https:\/\/ratitodele.es\/en\/contacto\/","title":{"rendered":"Contact"},"content":{"rendered":"<h2>Contact<\/h2>\n<strong data-start=\"183\" data-end=\"242\">\u00bfTienes dudas, sugerencias o quieres colaborar conmigo?<\/strong>\nEn <em data-start=\"248\" data-end=\"263\">Ratito de ELE<\/em> me encanta escuchar a estudiantes, profesores y curiosos del espa\u00f1ol.<br data-start=\"333\" data-end=\"336\" \/>Completa el formulario o escr\u00edbeme directamente, y te responder\u00e9 lo antes posible. \ud83d\udcec\n<strong data-start=\"669\" data-end=\"681\">\u2709 Email:<\/strong> <a rel=\"noopener\" data-start=\"682\" data-end=\"706\">anais@ratitodele.es<\/a>\n<h3 data-start=\"715\" data-end=\"739\">\ud83c\udf10 S\u00edgueme en redes:<\/h3>\n<img loading=\"lazy\" decoding=\"async\" src=\"https:\/\/ratitodele.es\/wp-content\/uploads\/2025\/08\/Instagram_Fill-1.svg\" alt=\"\" width=\"27\" height=\"26\" \/> ratitodele\n<img loading=\"lazy\" decoding=\"async\" src=\"https:\/\/ratitodele.es\/wp-content\/uploads\/2025\/08\/logotipo-de-linkedin-300x300.png\" alt=\"\" width=\"28\" height=\"28\" \/> anaisaguagonz\n\ud83d\udca1 <em data-start=\"831\" data-end=\"902\">Tu mensaje es importante. Suelo responder en un plazo de 24-48 horas.<\/em>\n<h3>Formulario de contacto<\/h3>","protected":false},"excerpt":{"rendered":"<p>Contacto \u00bfTienes dudas, sugerencias o quieres colaborar conmigo? En Ratito de ELE me encanta escuchar a estudiantes, profesores y curiosos del espa\u00f1ol.Completa el formulario o escr\u00edbeme directamente, y te responder\u00e9 lo antes posible. \ud83d\udcec \u2709 Email: anais@ratitodele.es \ud83c\udf10 S\u00edgueme en redes: ratitodele anaisaguagonz \ud83d\udca1 Tu mensaje es importante. Suelo responder en un plazo de 24-48&hellip;<\/p>","protected":false},"author":1,"featured_media":0,"parent":0,"menu_order":0,"comment_status":"closed","ping_status":"closed","template":"","meta":{"inline_featured_image":false,"footnotes":""},"class_list":["post-653","page","type-page","status-publish","hentry"],"_hostinger_reach_plugin_has_subscription_block":false,"_hostinger_reach_plugin_is_elementor":false,"_links":{"self":[{"href":"https:\/\/ratitodele.es\/en\/wp-json\/wp\/v2\/pages\/653","targetHints":{"allow":["GET"]}}],"collection":[{"href":"https:\/\/ratitodele.es\/en\/wp-json\/wp\/v2\/pages"}],"about":[{"href":"https:\/\/ratitodele.es\/en\/wp-json\/wp\/v2\/types\/page"}],"author":[{"embeddable":true,"href":"https:\/\/ratitodele.es\/en\/wp-json\/wp\/v2\/users\/1"}],"replies":[{"embeddable":true,"href":"https:\/\/ratitodele.es\/en\/wp-json\/wp\/v2\/comments?post=653"}],"version-history":[{"count":24,"href":"https:\/\/ratitodele.es\/en\/wp-json\/wp\/v2\/pages\/653\/revisions"}],"predecessor-version":[{"id":2075,"href":"https:\/\/ratitodele.es\/en\/wp-json\/wp\/v2\/pages\/653\/revisions\/2075"}],"wp:attachment":[{"href":"https:\/\/ratitodele.es\/en\/wp-json\/wp\/v2\/media?parent=653"}],"curies":[{"name":"wp","href":"https:\/\/api.w.org\/{rel}","templated":true}]}}