{"id":527,"date":"2025-08-08T13:06:27","date_gmt":"2025-08-08T13:06:27","guid":{"rendered":"https:\/\/ratitodele.es\/?page_id=527"},"modified":"2026-04-03T09:05:27","modified_gmt":"2026-04-03T09:05:27","slug":"sobre-mi","status":"publish","type":"page","link":"https:\/\/ratitodele.es\/en\/sobre-mi\/","title":{"rendered":"About me"},"content":{"rendered":"<section><!-- SOBRE M\u00cd -->\n<h2>About me<\/h2>\n<p>\u00a1Hola! Soy <strong>Ana\u00eds<\/strong>, profesora de espa\u00f1ol y creadora de <strong>Ratito de ELE<\/strong>.<\/p>\n<p>Nac\u00ed en M\u00e1laga, estudi\u00e9 el <em>Grado de Traducci\u00f3n e Interpretaci\u00f3n<\/em> en la Universidad de M\u00e1laga, y el <em>M\u00e1ster de Espa\u00f1ol como Segunda Lengua<\/em> en la Universidad Complutense de Madrid.<\/p>\n<p>Vivo en Polonia desde hace unos a\u00f1os y trabajo con estudiantes de aqu\u00ed de forma presencial y de todo el mundo en l\u00ednea.<\/p>\n<iframe loading=\"lazy\" title=\"Presentaci\u00f3n Ana\u00eds Ratito de ELE\" src=\"https:\/\/www.youtube.com\/embed\/pFnRpZaL5f8\" width=\"100%\" height=\"250\" frameborder=\"0\" allowfullscreen=\"allowfullscreen\"><\/iframe>\n<img decoding=\"async\" src=\"https:\/\/ratitodele.es\/wp-content\/uploads\/2026\/04\/IMG_2438.jpeg\" \/>\n<p><!-- METODOLOG\u00cdA --><\/p>\n<h3>Metodolog\u00eda<\/h3>\n<p>En mis clases no te sentir\u00e1s como en una clase tradicional. Aprender\u00e1s espa\u00f1ol como si conversaras con alguien de confianza: con naturalidad, buen ambiente y sin presiones. Cada sesi\u00f3n es un espacio seguro, inclusivo y libre de juicios, donde puedes expresarte tal como eres, especialmente si formas parte del colectivo LGBTQ+.<\/p>\n<p>La gram\u00e1tica no se memoriza, se comprende y se usa desde el primer momento. Siempre la aplico a lo que vives, piensas o necesitas, conect\u00e1ndola con situaciones reales y temas que te importan. As\u00ed, aprendes de forma pr\u00e1ctica, disfrutas el proceso y avanzas con seguridad.<\/p>\n<img decoding=\"async\" src=\"https:\/\/ratitodele.es\/wp-content\/uploads\/2025\/08\/Texto-1.webp&quot;\" alt=\"Ratito de ELE - metodolog\u00eda\" \/>\n<p><!-- COMPROMISO --><\/p>\n<h3>Compromiso<\/h3>\n<p>Aunque las clases sean relajadas y naturales, mi compromiso es total. Estoy formada en la ense\u00f1anza de espa\u00f1ol y tengo experiencia con personas de distintos pa\u00edses, niveles y objetivos. Soy <strong>examinadora acreditada DELE<\/strong> y ofrezco clases personalizadas, bien preparadas y adaptadas a tu ritmo. Acompa\u00f1o tu progreso con atenci\u00f3n y materiales adecuados para que avances y cumplas tus objetivos.<\/p>\n<img decoding=\"async\" src=\"https:\/\/ratitodele.es\/wp-content\/uploads\/2025\/08\/Texto-2.webp\" alt=\"Ana\u00eds - profesora de espa\u00f1ol\" \/>\n<p><!-- C\u00d3MO NACI\u00d3 --><\/p>\n<h3>C\u00f3mo naci\u00f3 Ratito de ELE<\/h3>\n<p>Ratito de ELE nace de una peque\u00f1a idea de querer compartir mi propio material con mis estudiantes. Crear una p\u00e1gina web no es complicado, pero maquetarla a tu gusto s\u00ed.<\/p>\n<p>La mascota de la p\u00e1gina y del nombre es una <strong>rata<\/strong>, debido a 3 mascotas: <em>Torrijas, Sernik y Risotto<\/em>.<\/p>\n<img decoding=\"async\" src=\"https:\/\/ratitodele.es\/wp-content\/uploads\/2026\/04\/IMG_0079.jpeg\" alt=\"Ana\u00eds y sus ratas\" \/>\n<\/section>","protected":false},"excerpt":{"rendered":"<p>Sobre m\u00ed \u00a1Hola! Soy Ana\u00eds, profesora de espa\u00f1ol y creadora de Ratito de ELE. Nac\u00ed en M\u00e1laga, estudi\u00e9 el Grado de Traducci\u00f3n e Interpretaci\u00f3n en la Universidad de M\u00e1laga, y el M\u00e1ster de Espa\u00f1ol como Segunda Lengua en la Universidad Complutense de Madrid. Vivo en Polonia desde hace unos a\u00f1os y trabajo con estudiantes de&hellip;<\/p>","protected":false},"author":1,"featured_media":0,"parent":0,"menu_order":0,"comment_status":"closed","ping_status":"closed","template":"","meta":{"inline_featured_image":false,"footnotes":""},"class_list":["post-527","page","type-page","status-publish","hentry"],"_hostinger_reach_plugin_has_subscription_block":false,"_hostinger_reach_plugin_is_elementor":false,"_links":{"self":[{"href":"https:\/\/ratitodele.es\/en\/wp-json\/wp\/v2\/pages\/527","targetHints":{"allow":["GET"]}}],"collection":[{"href":"https:\/\/ratitodele.es\/en\/wp-json\/wp\/v2\/pages"}],"about":[{"href":"https:\/\/ratitodele.es\/en\/wp-json\/wp\/v2\/types\/page"}],"author":[{"embeddable":true,"href":"https:\/\/ratitodele.es\/en\/wp-json\/wp\/v2\/users\/1"}],"replies":[{"embeddable":true,"href":"https:\/\/ratitodele.es\/en\/wp-json\/wp\/v2\/comments?post=527"}],"version-history":[{"count":46,"href":"https:\/\/ratitodele.es\/en\/wp-json\/wp\/v2\/pages\/527\/revisions"}],"predecessor-version":[{"id":2222,"href":"https:\/\/ratitodele.es\/en\/wp-json\/wp\/v2\/pages\/527\/revisions\/2222"}],"wp:attachment":[{"href":"https:\/\/ratitodele.es\/en\/wp-json\/wp\/v2\/media?parent=527"}],"curies":[{"name":"wp","href":"https:\/\/api.w.org\/{rel}","templated":true}]}}