{"id":320,"date":"2025-08-07T14:55:19","date_gmt":"2025-08-07T14:55:19","guid":{"rendered":"https:\/\/ratitodele.es\/our-courses\/"},"modified":"2026-04-03T06:57:58","modified_gmt":"2026-04-03T06:57:58","slug":"cursos","status":"publish","type":"page","link":"https:\/\/ratitodele.es\/en\/cursos\/","title":{"rendered":"Courses"},"content":{"rendered":"<h1>\n\t\t\tSpanish courses\n\t\t<\/h1>\n\t\t\t<p>Choose the one that best suits your needs<\/p>\t\t\n<a href=\"https:\/\/calendly.com\/anaisenele\/clases\" target=\"_self\">\n\t\t<!-- badge -->\n\t<!-- title after title -->\n\t\t<!-- icon -->\n\t\t\t\t<img decoding=\"async\" src=\"https:\/\/ratitodele.es\/wp-content\/uploads\/2026\/03\/queso-manchego-300x300.png\" alt=\"image\"\/>\n\t\t<!-- title before title -->\n\t\t<h3>Aperitivo (Trial Class)<\/h3>\n\t<!-- price tag after featured -->\n\t\t<!-- text -->\n\t\t\t\t\t\t<p>Start here!<\/p>\n\t<!-- btn before feature -->\n\t<!-- feature -->\n\t\t\t\t<ul>\n\t\t\t\t<li>\n\t\t\t\t\t\t\t\t\t\tFirst contact\t\t\t\t\t\t\t\t\t\t\t<i>\n\t\t\t\t\t\tNeeds Analysis\n\t\t\t\t\t<\/i>\n\t\t\t\t<\/li>\n\t\t\t\t<li>\n\t\t\t\t\t\t\t\t\t\tKnowledge assessment\t\t\t\t\t\t\n\t\t\t\t<\/li>\n\t\t\t\t<li>\n\t\t\t\t\t\t\t\t\t\tGoal setting\t\t\t\t\t\t\n\t\t\t\t<\/li>\n\t\t\t\t<li>\n\t\t\t\t\t\t\t\t\t\tPlanning the next class\t\t\t\t\t\t\n\t\t\t\t<\/li>\n\t\t\t\t<\/ul>\n\t<!-- Separator after -->\n\t<!-- price tag before featured -->\n\t\t\t<!-- currency -->\n\t\t\t<!-- price -->\n\t\t\t\t\t\t\tFree\n\t\t<!-- period -->\n\t\t\t\t\t20 mins\n\t\t<!-- btn after feature -->\n\t\t\t<\/a><a href=\"https:\/\/calendly.com\/anaisenele\/clases\" target=\"_self\">Book<\/a>\n\t\n<a href=\"https:\/\/calendly.com\/anaisenele\/clases\" target=\"_self\">\n\t\t<!-- badge -->\n\t\t\t\tMore popular!\n\t<!-- title after title -->\n\t\t<!-- icon -->\n\t\t\t\t<img decoding=\"async\" src=\"https:\/\/ratitodele.es\/wp-content\/uploads\/2026\/03\/Diseno-sin-titulo-1.png\" alt=\"image\"\/>\n\t\t<!-- title before title -->\n\t\t<h3>Paella Pack<\/h3>\n\t<!-- price tag after featured -->\n\t\t<!-- text -->\n\t\t\t\t\t\t<p>To advance A1-C2<\/p>\n\t<!-- btn before feature -->\n\t<!-- feature -->\n\t\t\t\t<ul>\n\t\t\t\t<li>\n\t\t\t\t\t\t\t\t\t\tVarious content\t\t\t\t\t\t\t\t\t\t\t<i>\n\t\t\t\t\t\tIndependent materials or manual to choose\n\t\t\t\t\t<\/i>\n\t\t\t\t<\/li>\n\t\t\t\t<li>\n\t\t\t\t\t\t\t\t\t\tPersonalised feedback\t\t\t\t\t\t\n\t\t\t\t<\/li>\n\t\t\t\t<li>\n\t\t\t\t\t\t\t\t\t\tActivities for home\t\t\t\t\t\t\n\t\t\t\t<\/li>\n\t\t\t\t<li>\n\t\t\t\t\t\t\t\t\t\tBundle discount\t\t\t\t\t\t\t\t\t\t\t<i>\n\t\t\t\t\t\tA partir de 5 clases &#8211; 26\u20ac\/hora\n\t\t\t\t\t<\/i>\n\t\t\t\t<\/li>\n\t\t\t\t<\/ul>\n\t<!-- Separator after -->\n\t<!-- price tag before featured -->\n\t\t\t<!-- currency -->\n\t\t\t\t\t\t\t\u20ac\n\t\t\t<!-- price -->\n\t\t\t\t\t\t\t28\n\t\t<!-- period -->\n\t\t\t\t\t\/60 min\n\t\t<!-- btn after feature -->\n\t\t\t<\/a><a href=\"https:\/\/calendly.com\/anaisenele\/clases\" target=\"_self\">Book<\/a>\n\t\n<a href=\"https:\/\/calendly.com\/anaisenele\/clases\" target=\"_self\">\n\t\t<!-- badge -->\n\t<!-- title after title -->\n\t\t<!-- icon -->\n\t\t\t\t<img decoding=\"async\" src=\"https:\/\/ratitodele.es\/wp-content\/uploads\/2026\/03\/tortilla-de-patatas-300x300.png\" alt=\"image\"\/>\n\t\t<!-- title before title -->\n\t\t<h3>Tortilla Pack<\/h3>\n\t<!-- price tag after featured -->\n\t\t<!-- text -->\n\t\t\t\t\t\t<p>To chat<\/p>\n\t<!-- btn before feature -->\n\t<!-- feature -->\n\t\t\t\t<ul>\n\t\t\t\t<li>\n\t\t\t\t\t\t\t\t\t\tLevel-adapted conversations\t\t\t\t\t\t\t\t\t\t\t<i>\n\t\t\t\t\t\tRecommended to have at least an A1.2 level.\n\t\t\t\t\t<\/i>\n\t\t\t\t<\/li>\n\t\t\t\t<li>\n\t\t\t\t\t\t\t\t\t\tVocabulary and topics to choose from\t\t\t\t\t\t\n\t\t\t\t<\/li>\n\t\t\t\t<li>\n\t\t\t\t\t\t\t\t\t\tCorrections and brief explanations\t\t\t\t\t\t\n\t\t\t\t<\/li>\n\t\t\t\t<li>\n\t\t\t\t\t\t\t\t\t\tBundle discount\t\t\t\t\t\t\t\t\t\t\t<i>\n\t\t\t\t\t\tA partir de 5 clases &#8211; 23\u20ac\/45min\n\t\t\t\t\t<\/i>\n\t\t\t\t<\/li>\n\t\t\t\t<\/ul>\n\t<!-- Separator after -->\n\t<!-- price tag before featured -->\n\t\t\t<!-- currency -->\n\t\t\t\t\t\t\t\u20ac\n\t\t\t<!-- price -->\n\t\t\t\t\t\t\t24\n\t\t<!-- period -->\n\t\t\t\t\t45 min\n\t\t<!-- btn after feature -->\n\t\t\t<\/a><a href=\"https:\/\/calendly.com\/anaisenele\/clases\" target=\"_self\">Book<\/a>\n\t\n<a href=\"https:\/\/calendly.com\/anaisenele\/clases\" target=\"_self\">\n\t\t<!-- badge -->\n\t<!-- title after title -->\n\t\t<!-- icon -->\n\t\t\t\t<img decoding=\"async\" src=\"https:\/\/ratitodele.es\/wp-content\/uploads\/2026\/03\/gazpacho-300x300.png\" alt=\"image\"\/>\n\t\t<!-- title before title -->\n\t\t<h3>Gazpacho Pack<\/h3>\n\t<!-- price tag after featured -->\n\t\t<!-- text -->\n\t\t\t\t\t\t<p>Basic and necessary (A1)<\/p>\n\t<!-- btn before feature -->\n\t<!-- feature -->\n\t\t\t\t<ul>\n\t\t\t\t<li>\n\t\t\t\t\t\t\t\t\t\tFirst contact\t\t\t\t\t\t\t\t\t\t\t<i>\n\t\t\t\t\t\tNeeds Analysis\n\t\t\t\t\t<\/i>\n\t\t\t\t<\/li>\n\t\t\t\t<li>\n\t\t\t\t\t\t\t\t\t\tLearning plan\t\t\t\t\t\t\t\t\t\t\t<i>\n\t\t\t\t\t\tIndependent material or Spanish textbook recommended by the teacher\n\t\t\t\t\t<\/i>\n\t\t\t\t<\/li>\n\t\t\t\t<li>\n\t\t\t\t\t\t\t\t\t\tActivities for home\t\t\t\t\t\t\n\t\t\t\t<\/li>\n\t\t\t\t<li>\n\t\t\t\t\t\t\t\t\t\tBundle discount\t\t\t\t\t\t\t\t\t\t\t<i>\n\t\t\t\t\t\tA partir de 5 clases &#8211; 24\u20ac\/hora\n\t\t\t\t\t<\/i>\n\t\t\t\t<\/li>\n\t\t\t\t<\/ul>\n\t<!-- Separator after -->\n\t<!-- price tag before featured -->\n\t\t\t<!-- currency -->\n\t\t\t\t\t\t\t\u20ac\n\t\t\t<!-- price -->\n\t\t\t\t\t\t\t25\n\t\t<!-- period -->\n\t\t\t\t\t\/60 min\n\t\t<!-- btn after feature -->\n\t\t\t<\/a><a href=\"https:\/\/calendly.com\/anaisenele\/clases\" target=\"_self\">Book<\/a>\n\t\n<a href=\"https:\/\/calendly.com\/anaisenele\/clases\" target=\"_self\">\n\t\t<!-- badge -->\n\t<!-- title after title -->\n\t\t<!-- icon -->\n\t\t\t\t<img decoding=\"async\" src=\"https:\/\/ratitodele.es\/wp-content\/uploads\/2026\/03\/aceitunas-300x300.png\" alt=\"image\"\/>\n\t\t<!-- title before title -->\n\t\t<h3>Aceituna Pack<\/h3>\n\t<!-- price tag after featured -->\n\t\t<!-- text -->\n\t<!-- btn before feature -->\n\t<!-- feature -->\n\t\t\t\t<ul>\n\t\t\t\t<li>\n\t\t\t\t\t\t\t\t\t\tVarious content\t\t\t\t\t\t\n\t\t\t\t<\/li>\n\t\t\t\t<li>\n\t\t\t\t\t\t\t\t\t\tNeeds Analysis\t\t\t\t\t\t\n\t\t\t\t<\/li>\n\t\t\t\t<li>\n\t\t\t\t\t\t\t\t\t\tGoal setting\t\t\t\t\t\t\n\t\t\t\t<\/li>\n\t\t\t\t<li>\n\t\t\t\t\t\t\t\t\t\tBundle discounts\t\t\t\t\t\t\t\t\t\t\t<i>\n\t\t\t\t\t\tA partir de 5 clases &#8211; 40\u20ac\/hora\n\t\t\t\t\t<\/i>\n\t\t\t\t<\/li>\n\t\t\t\t<\/ul>\n\t<!-- Separator after -->\n\t<!-- price tag before featured -->\n\t\t\t<!-- currency -->\n\t\t\t\t\t\t\t\u20ac\n\t\t\t<!-- price -->\n\t\t\t\t\t\t\t50\n\t\t<!-- period -->\n\t\t\t\t\t\/60 min\n\t\t<!-- btn after feature -->\n\t\t\t<\/a><a href=\"https:\/\/calendly.com\/anaisenele\/clases\" target=\"_self\">Book<\/a>\n\t\n<a href=\"https:\/\/calendly.com\/anaisenele\/clases\" target=\"_self\">\n\t\t<!-- badge -->\n\t<!-- title after title -->\n\t\t<!-- icon -->\n\t\t\t\t<img decoding=\"async\" src=\"https:\/\/ratitodele.es\/wp-content\/uploads\/2026\/04\/Texto-7.png\" alt=\"image\"\/>\n\t\t<!-- title before title -->\n\t\t<h3>Patatas Bravas Pack<\/h3>\n\t<!-- price tag after featured -->\n\t\t<!-- text -->\n\t\t\t\t\t\t<p>Group classes (3-4 people)<\/p>\n\t<!-- btn before feature -->\n\t<!-- feature -->\n\t\t\t\t<ul>\n\t\t\t\t<li>\n\t\t\t\t\t\t\t\t\t\tTiered division\t\t\t\t\t\t\t\t\t\t\t<i>\n\t\t\t\t\t\tEach group, a different level\n\t\t\t\t\t<\/i>\n\t\t\t\t<\/li>\n\t\t\t\t<li>\n\t\t\t\t\t\t\t\t\t\tPractice of all skills in class\t\t\t\t\t\t\n\t\t\t\t<\/li>\n\t\t\t\t<li>\n\t\t\t\t\t\t\t\t\t\tGroup activities and projects\t\t\t\t\t\t\n\t\t\t\t<\/li>\n\t\t\t\t<li>\n\t\t\t\t\t\t\t\t\t\tBundle discounts\t\t\t\t\t\t\t\t\t\t\t<i>\n\t\t\t\t\t\tA partir de 5 clases &#8211; 12\u20ac\/hora\n\t\t\t\t\t<\/i>\n\t\t\t\t<\/li>\n\t\t\t\t<\/ul>\n\t<!-- Separator after -->\n\t<!-- price tag before featured -->\n\t\t\t<!-- currency -->\n\t\t\t\t\t\t\t\u20ac\n\t\t\t<!-- price -->\n\t\t\t\t\t\t\t15\n\t\t<!-- period -->\n\t\t\t\t\t\/60 minutes per person\n\t\t<!-- btn after feature -->\n\t\t\t<\/a><a href=\"https:\/\/calendly.com\/anaisenele\/clases\" target=\"_self\">Book<\/a>\n\t\n<a href=\"https:\/\/calendly.com\/anaisenele\/clases\" target=\"_self\">\n\t\t<!-- badge -->\n\t<!-- title after title -->\n\t\t<!-- icon -->\n\t\t\t\t<img decoding=\"async\" src=\"https:\/\/ratitodele.es\/wp-content\/uploads\/2026\/03\/don-quijote.png\" alt=\"image\"\/>\n\t\t<!-- title before title -->\n\t\t<h3>Don Quixote Pack<\/h3>\n\t<!-- price tag after featured -->\n\t\t<!-- text -->\n\t\t\t\t\t\t<p>DELE Preparation (A1-C2)<\/p>\n\t<!-- btn before feature -->\n\t<!-- feature -->\n\t\t\t\t<ul>\n\t\t\t\t<li>\n\t\t\t\t\t\t\t\t\t\tLevel Assessment\t\t\t\t\t\t\t\t\t\t\t<i>\n\t\t\t\t\t\tThe level is assessed and the most suitable DELE exam is recommended.\n\t\t\t\t\t<\/i>\n\t\t\t\t<\/li>\n\t\t\t\t<li>\n\t\t\t\t\t\t\t\t\t\tPractice of all skills in class\t\t\t\t\t\t\n\t\t\t\t<\/li>\n\t\t\t\t<li>\n\t\t\t\t\t\t\t\t\t\tDELE activities to practice at home\t\t\t\t\t\t\n\t\t\t\t<\/li>\n\t\t\t\t<li>\n\t\t\t\t\t\t\t\t\t\tBundle discounts\t\t\t\t\t\t\t\t\t\t\t<i>\n\t\t\t\t\t\tA partir de 5 clases &#8211; 28\u20ac\/hora\n\t\t\t\t\t<\/i>\n\t\t\t\t<\/li>\n\t\t\t\t<\/ul>\n\t<!-- Separator after -->\n\t<!-- price tag before featured -->\n\t\t\t<!-- currency -->\n\t\t\t\t\t\t\t\u20ac\n\t\t\t<!-- price -->\n\t\t\t\t\t\t\t32\n\t\t<!-- period -->\n\t\t\t\t\t\/60 min\n\t\t<!-- btn after feature -->\n\t\t\t<\/a><a href=\"https:\/\/calendly.com\/anaisenele\/clases\" target=\"_self\">Book<\/a>","protected":false},"excerpt":{"rendered":"<p>Cursos de espa\u00f1ol Elige el que mejor se adapte a tus necesidades Aperitivo (Clase de prueba) \u00a1Empieza aqu\u00ed! Primer contacto An\u00e1lisis de necesidades Evaluaci\u00f3n de conocimientos Definici\u00f3n de objetivos Planificaci\u00f3n de la pr\u00f3xima clase Gratis \/ 20 min Reservar \u00a1M\u00e1s popular! Paquete Paella Para avanzar A1-C2 Contenido variado Materiales independientes o manual a elegir Feedback&hellip;<\/p>","protected":false},"author":1,"featured_media":0,"parent":0,"menu_order":0,"comment_status":"closed","ping_status":"closed","template":"","meta":{"inline_featured_image":false,"footnotes":""},"class_list":["post-320","page","type-page","status-publish","hentry"],"_hostinger_reach_plugin_has_subscription_block":false,"_hostinger_reach_plugin_is_elementor":false,"_links":{"self":[{"href":"https:\/\/ratitodele.es\/en\/wp-json\/wp\/v2\/pages\/320","targetHints":{"allow":["GET"]}}],"collection":[{"href":"https:\/\/ratitodele.es\/en\/wp-json\/wp\/v2\/pages"}],"about":[{"href":"https:\/\/ratitodele.es\/en\/wp-json\/wp\/v2\/types\/page"}],"author":[{"embeddable":true,"href":"https:\/\/ratitodele.es\/en\/wp-json\/wp\/v2\/users\/1"}],"replies":[{"embeddable":true,"href":"https:\/\/ratitodele.es\/en\/wp-json\/wp\/v2\/comments?post=320"}],"version-history":[{"count":83,"href":"https:\/\/ratitodele.es\/en\/wp-json\/wp\/v2\/pages\/320\/revisions"}],"predecessor-version":[{"id":2206,"href":"https:\/\/ratitodele.es\/en\/wp-json\/wp\/v2\/pages\/320\/revisions\/2206"}],"wp:attachment":[{"href":"https:\/\/ratitodele.es\/en\/wp-json\/wp\/v2\/media?parent=320"}],"curies":[{"name":"wp","href":"https:\/\/api.w.org\/{rel}","templated":true}]}}